{"id":1000000003331,"date":"2026-04-20T11:47:29","date_gmt":"2026-04-20T18:47:29","guid":{"rendered":"https:\/\/www.somebodylovesyou.com\/store\/?post_type=product&#038;p=1000000003331"},"modified":"2026-04-20T11:47:30","modified_gmt":"2026-04-20T18:47:30","slug":"libro-de-crecimiento","status":"publish","type":"product","link":"https:\/\/www.somebodylovesyou.com\/store\/product\/libro-de-crecimiento\/","title":{"rendered":"Libro De Crecimiento"},"content":{"rendered":"<p>Todos tenemos preguntas en nuestro caminar cristiano. Al principio son sencillas, pero se vuelven m\u00e1s complejas a medida que aprendemos m\u00e1s acerca de Dios. Este folleto ha sido dise\u00f1ado para ayudarte a crecer, partiendo de la etapa de nuevo creyente, con las preguntas sencillas, y para mostrarte c\u00f3mo utilizar tu Biblia para encontrar las respuestas a las preguntas m\u00e1s dif\u00edciles.<\/p>\n","protected":false},"excerpt":{"rendered":"<p>Todos tenemos preguntas en nuestro caminar cristiano. Al principio son sencillas, pero se vuelven m\u00e1s complejas a medida que aprendemos m\u00e1s acerca de Dios. Este folleto ha sido dise\u00f1ado para ayudarte a crecer, partiendo de la etapa de nuevo creyente, con las preguntas sencillas, y para mostrarte c\u00f3mo utilizar tu Biblia para encontrar las respuestas [&hellip;]<\/p>\n","protected":false},"featured_media":1000000003332,"template":"","meta":[],"product_brand":[],"product_cat":[113],"product_tag":[],"class_list":{"0":"post-1000000003331","1":"product","2":"type-product","3":"status-publish","4":"has-post-thumbnail","6":"product_cat-books","8":"first","9":"instock","10":"taxable","11":"shipping-taxable","12":"purchasable","13":"product-type-simple"},"_links":{"self":[{"href":"https:\/\/www.somebodylovesyou.com\/store\/wp-json\/wp\/v2\/product\/1000000003331","targetHints":{"allow":["GET"]}}],"collection":[{"href":"https:\/\/www.somebodylovesyou.com\/store\/wp-json\/wp\/v2\/product"}],"about":[{"href":"https:\/\/www.somebodylovesyou.com\/store\/wp-json\/wp\/v2\/types\/product"}],"wp:featuredmedia":[{"embeddable":true,"href":"https:\/\/www.somebodylovesyou.com\/store\/wp-json\/wp\/v2\/media\/1000000003332"}],"wp:attachment":[{"href":"https:\/\/www.somebodylovesyou.com\/store\/wp-json\/wp\/v2\/media?parent=1000000003331"}],"wp:term":[{"taxonomy":"product_brand","embeddable":true,"href":"https:\/\/www.somebodylovesyou.com\/store\/wp-json\/wp\/v2\/product_brand?post=1000000003331"},{"taxonomy":"product_cat","embeddable":true,"href":"https:\/\/www.somebodylovesyou.com\/store\/wp-json\/wp\/v2\/product_cat?post=1000000003331"},{"taxonomy":"product_tag","embeddable":true,"href":"https:\/\/www.somebodylovesyou.com\/store\/wp-json\/wp\/v2\/product_tag?post=1000000003331"}],"curies":[{"name":"wp","href":"https:\/\/api.w.org\/{rel}","templated":true}]}}